{"id":5897,"date":"2024-08-02T09:10:50","date_gmt":"2024-08-02T14:10:50","guid":{"rendered":"https:\/\/rqrv.com\/?page_id=5897"},"modified":"2026-03-20T17:27:47","modified_gmt":"2026-03-20T22:27:47","slug":"tests-and-questionnaires-to-assess-the-biopsychosocial-health-of-older-adults","status":"publish","type":"page","link":"https:\/\/rqrv.com\/en\/research\/tests-and-questionnaires-to-assess-the-biopsychosocial-health-of-older-adults\/","title":{"rendered":"Tests and questionnaires to assess the biopsychosocial health of older adults"},"content":{"rendered":"\t\t<div data-elementor-type=\"wp-page\" data-elementor-id=\"5897\" class=\"elementor elementor-5897 elementor-472\" data-elementor-post-type=\"page\">\n\t\t\t\t\t\t<section data-particle_enable=\"false\" data-particle-mobile-disabled=\"false\" class=\"elementor-section elementor-top-section elementor-element elementor-element-65fc2748 elementor-section-boxed elementor-section-height-default elementor-section-height-default\" data-id=\"65fc2748\" data-element_type=\"section\" data-settings=\"{&quot;background_background&quot;:&quot;classic&quot;}\">\n\t\t\t\t\t\t<div class=\"elementor-container elementor-column-gap-default\">\n\t\t\t\t\t<div class=\"elementor-column elementor-col-100 elementor-top-column elementor-element elementor-element-71566966\" data-id=\"71566966\" data-element_type=\"column\">\n\t\t\t<div class=\"elementor-widget-wrap elementor-element-populated\">\n\t\t\t\t\t\t<div class=\"elementor-element elementor-element-2dc2b988 elementor-widget elementor-widget-gva-heading-block\" data-id=\"2dc2b988\" data-element_type=\"widget\" data-widget_type=\"gva-heading-block.default\">\n\t\t\t\t<div class=\"elementor-widget-container\">\n\t\t\t<div class=\"gva-element-gva-heading-block gva-element\">   <div class=\"align-left style-1 widget gsc-heading box-align-left\">\r\n      <div class=\"content-inner\">\r\n         \r\n                  \r\n           \r\n         \r\n                     <h2 class=\"title\">\r\n               <span>Tests and questionnaires to assess the biopsychosocial health of older adults<\/span>\r\n            <\/h2>\r\n                  \r\n         \r\n         \r\n      <\/div>\r\n   <\/div>\r\n<\/div>\t\t<\/div>\n\t\t\t\t<\/div>\n\t\t\t\t\t<\/div>\n\t\t<\/div>\n\t\t\t\t\t<\/div>\n\t\t<\/section>\n\t\t\t\t<section data-particle_enable=\"false\" data-particle-mobile-disabled=\"false\" class=\"elementor-section elementor-top-section elementor-element elementor-element-52e0a2a6 elementor-section-full_width elementor-section-height-default elementor-section-height-default\" data-id=\"52e0a2a6\" data-element_type=\"section\">\n\t\t\t\t\t\t\t<div class=\"elementor-background-overlay\"><\/div>\n\t\t\t\t\t\t\t<div class=\"elementor-container elementor-column-gap-default\">\n\t\t\t\t\t<div class=\"elementor-column elementor-col-100 elementor-top-column elementor-element elementor-element-119d809\" data-id=\"119d809\" data-element_type=\"column\">\n\t\t\t<div class=\"elementor-widget-wrap elementor-element-populated\">\n\t\t\t\t\t\t<div class=\"elementor-element elementor-element-6859165 elementor-widget elementor-widget-gva_post_breadcrumb\" data-id=\"6859165\" data-element_type=\"widget\" data-widget_type=\"gva_post_breadcrumb.default\">\n\t\t\t\t<div class=\"elementor-widget-container\">\n\t\t\t<div class=\"gva-element-gva_post_breadcrumb gva-element\">   \r\n<div class=\"post-breadcrumb\">\r\n   <div class=\"custom-breadcrumb \" >\r\n            <div class=\"breadcrumb-main\">\r\n        <div class=\"container\">\r\n          <div class=\"breadcrumb-container-inner\">\r\n            <ol class=\"breadcrumb\"><li><a href=\"https:\/\/rqrv.com\/en\/\">Accueil<\/a> <\/li> <li class=\"active\">Page<\/li><\/ol>          <\/div>  \r\n        <\/div>   \r\n      <\/div>  \r\n   <\/div>\r\n<\/div>      \r\n\r\n<\/div>\t\t<\/div>\n\t\t\t\t<\/div>\n\t\t\t\t\t<\/div>\n\t\t<\/div>\n\t\t\t\t\t<\/div>\n\t\t<\/section>\n\t\t\t\t<section data-particle_enable=\"false\" data-particle-mobile-disabled=\"false\" class=\"elementor-section elementor-top-section elementor-element elementor-element-584a930e elementor-section-boxed elementor-section-height-default elementor-section-height-default\" data-id=\"584a930e\" data-element_type=\"section\">\n\t\t\t\t\t\t<div class=\"elementor-container elementor-column-gap-default\">\n\t\t\t\t\t<div class=\"elementor-column elementor-col-100 elementor-top-column elementor-element elementor-element-63a8843a\" data-id=\"63a8843a\" data-element_type=\"column\">\n\t\t\t<div class=\"elementor-widget-wrap elementor-element-populated\">\n\t\t\t\t\t\t<div class=\"elementor-element elementor-element-242a2a21 elementor-widget elementor-widget-text-editor\" data-id=\"242a2a21\" data-element_type=\"widget\" data-widget_type=\"text-editor.default\">\n\t\t\t\t<div class=\"elementor-widget-container\">\n\t\t\t<style>\/*! elementor - v3.22.0 - 26-06-2024 *\/\n.elementor-widget-text-editor.elementor-drop-cap-view-stacked .elementor-drop-cap{background-color:#69727d;color:#fff}.elementor-widget-text-editor.elementor-drop-cap-view-framed .elementor-drop-cap{color:#69727d;border:3px solid;background-color:transparent}.elementor-widget-text-editor:not(.elementor-drop-cap-view-default) .elementor-drop-cap{margin-top:8px}.elementor-widget-text-editor:not(.elementor-drop-cap-view-default) .elementor-drop-cap-letter{width:1em;height:1em}.elementor-widget-text-editor .elementor-drop-cap{float:left;text-align:center;line-height:1;font-size:50px}.elementor-widget-text-editor .elementor-drop-cap-letter{display:inline-block}<\/style>\t\t\t\t<p><strong>Discover a series of validated and standardized tests and questionnaires designed to assess the biopsychosocial health of French-speaking older adults in Qu\u00e9bec.<\/strong><\/p><p data-start=\"311\" data-end=\"674\">This initiative includes descriptive summaries of neuropsychological tests for which the team of Professors Jo\u00ebl Macoir and Carol Hudon (Universit\u00e9 Laval) developed norms specifically adapted to the French-speaking Qu\u00e9bec context. This important scientific contribution, essential for accurately assessing the health of older adults, was supported by the Network.<\/p><p data-start=\"676\" data-end=\"843\">Thanks to these tools, healthcare professionals now have access to reliable resources to better understand and improve the well-being of older adults in our community.<\/p>\t\t\t\t\t\t<\/div>\n\t\t\t\t<\/div>\n\t\t\t\t<div class=\"elementor-element elementor-element-24bf5a63 elementor-widget elementor-widget-gva-instruments\" data-id=\"24bf5a63\" data-element_type=\"widget\" data-widget_type=\"gva-instruments.default\">\n\t\t\t\t<div class=\"elementor-widget-container\">\n\t\t\t<div class=\"gva-element-gva-instruments gva-element\">  \r\n<div class=\"rqrv-instrument clearfix\">\r\n\t<div class=\"rqrv-instrument-wrap\">\r\n\t\t\r\n\t\t<form method=\"post\" action=\"\" id=\"rqrv-instrument-search-form\">\r\n\t\t\t<div class=\"rqrv-instrument-search-inner\">\r\n\t\t\t\t<div class=\"search-form-inner\">\r\n\t\t\t\t\t<div class=\"instrument-cats-quick\"><a class=\"cat-link link-quick active cat-0\" href=\"#\" data-cat=\"\" ><span>Tous<\/span><\/a><a class=\"cat-link link-quick cat-78\" href=\"#\" data-cat=\"78\" ><span>Cognition et language<\/span><\/a><a class=\"cat-link link-quick cat-60\" href=\"#\" data-cat=\"60\" ><span>Activit\u00e9s Physiques Et Loisirs<\/span><\/a><a class=\"cat-link link-quick cat-61\" href=\"#\" data-cat=\"61\" ><span>Actualisation<\/span><\/a><a class=\"cat-link link-quick cat-70\" href=\"#\" data-cat=\"70\" ><span>Alcoolisme<\/span><\/a><a class=\"cat-link link-quick cat-71\" href=\"#\" data-cat=\"71\" ><span>Anxi\u00e9t\u00e9<\/span><\/a><a class=\"cat-link link-quick cat-72\" href=\"#\" data-cat=\"72\" ><span>Assertion\/Expression De Soi<\/span><\/a><a class=\"cat-link link-quick cat-73\" href=\"#\" data-cat=\"73\" ><span>Audition<\/span><\/a><a class=\"cat-link link-quick cat-74\" href=\"#\" data-cat=\"74\" ><span>Besoins<\/span><\/a><a class=\"cat-link link-quick cat-75\" href=\"#\" data-cat=\"75\" ><span>\u00c9quilibre Postural<\/span><\/a><\/div><div class=\"instrument-categories\"><div class=\"content-inner\"><div class=\"category-name\"><span>Rechercher de cat\u00e9gories<\/span><\/div><div class=\"category-list\"><a class=\"cat-link active cat-0 default-label\" href=\"#\" data-cat=\"\" ><span>Rechercher de cat\u00e9gories<\/span><\/a><a class=\"cat-link cat-60\" href=\"#\" data-cat=\"60\" ><span>Activit\u00e9s Physiques Et Loisirs<\/span><\/a><a class=\"cat-link cat-61\" href=\"#\" data-cat=\"61\" ><span>Actualisation<\/span><\/a><a class=\"cat-link cat-70\" href=\"#\" data-cat=\"70\" ><span>Alcoolisme<\/span><\/a><a class=\"cat-link cat-71\" href=\"#\" data-cat=\"71\" ><span>Anxi\u00e9t\u00e9<\/span><\/a><a class=\"cat-link cat-72\" href=\"#\" data-cat=\"72\" ><span>Assertion\/Expression De Soi<\/span><\/a><a class=\"cat-link cat-73\" href=\"#\" data-cat=\"73\" ><span>Audition<\/span><\/a><a class=\"cat-link cat-74\" href=\"#\" data-cat=\"74\" ><span>Besoins<\/span><\/a><a class=\"cat-link cat-78\" href=\"#\" data-cat=\"78\" ><span>Cognition et language<\/span><\/a><a class=\"cat-link cat-75\" href=\"#\" data-cat=\"75\" ><span>\u00c9quilibre Postural<\/span><\/a><\/div><input type=\"hidden\" name=\"input_category\" id=\"input_category\" class=\"input_category\" value=\"\" \/><\/div><\/div><div class=\"instrument-keyword\"><input type=\"text\" placeholder=\"Rechercher par mot cl\u00e9\" name=\"input_keyword\" id=\"input_keyword\" class=\"input_keyword\" \/><span class=\"btn-action\"><i class=\"rqrv-icon-magnifying-glass\"><\/i><input class=\"btn__submit\" type=\"submit\" value=\"Search\"><\/span><\/div>\r\n\t\t\t\t\t<input type=\"hidden\" name=\"input_paged\" id=\"input_paged\" class=\"input_paged\" value=\"1\" \/>\r\n\t\t\t\t\t<input type=\"hidden\" name=\"per_page\" id=\"per_page\" class=\"per_page\" value=\"20\" \/>\r\n\t\t\t\t\t<input type=\"hidden\" name=\"item_style\" id=\"item_style\" class=\"item_style\" value=\"instrument-style-1\" \/>\r\n\t\t\t\t<\/div>   \r\n\t\t\t<\/div>   \r\n\r\n\t\t<\/form>   \r\n\t\t<div class=\"instrument-results\">\r\n\t\t\t<div class=\"container instrument-results-wrap\">\r\n\t\t\t\t<div class=\"instrument-results-content\">\r\n\t\t\t\t\t<div class=\"instrument-one__single\">\n\t<div class=\"instrument-one__content\">\n\t\t<h3 class=\"instrument-one__title\"><a href=\"https:\/\/rqrv.com\/en\/instrument\/test-de-denomination-de-quebec-60-items-tdq-60\/\">Test de d\u00e9nomination de Qu\u00e9bec 60 items (TDQ-60)<\/a><\/h3>\n      <div class=\"instrument-one__link\">\n         <a href=\"https:\/\/rqrv.com\/en\/instrument\/test-de-denomination-de-quebec-60-items-tdq-60\/\">\n            <i class=\"rqrv-icon-link\"><\/i>\n         <\/a>\n      <\/div>\n\t<\/div>\n<\/div>  <div class=\"instrument-one__single\">\n\t<div class=\"instrument-one__content\">\n\t\t<h3 class=\"instrument-one__title\"><a href=\"https:\/\/rqrv.com\/en\/instrument\/test-de-lhorloge-bard\/\">Test de l&#8217;horloge (BARD)<\/a><\/h3>\n      <div class=\"instrument-one__link\">\n         <a href=\"https:\/\/rqrv.com\/en\/instrument\/test-de-lhorloge-bard\/\">\n            <i class=\"rqrv-icon-link\"><\/i>\n         <\/a>\n      <\/div>\n\t<\/div>\n<\/div>  <div class=\"instrument-one__single\">\n\t<div class=\"instrument-one__content\">\n\t\t<h3 class=\"instrument-one__title\"><a href=\"https:\/\/rqrv.com\/en\/instrument\/batterie-rapide-de-denomination-bard\/\">Batterie rapide de d\u00e9nomination (BARD)<\/a><\/h3>\n      <div class=\"instrument-one__link\">\n         <a href=\"https:\/\/rqrv.com\/en\/instrument\/batterie-rapide-de-denomination-bard\/\">\n            <i class=\"rqrv-icon-link\"><\/i>\n         <\/a>\n      <\/div>\n\t<\/div>\n<\/div>  <div class=\"instrument-one__single\">\n\t<div class=\"instrument-one__content\">\n\t\t<h3 class=\"instrument-one__title\"><a href=\"https:\/\/rqrv.com\/en\/instrument\/echelle-de-demence-de-mattis-drs-2\/\">\u00c9chelle de d\u00e9mence de Mattis (DRS-2)<\/a><\/h3>\n      <div class=\"instrument-one__link\">\n         <a href=\"https:\/\/rqrv.com\/en\/instrument\/echelle-de-demence-de-mattis-drs-2\/\">\n            <i class=\"rqrv-icon-link\"><\/i>\n         <\/a>\n      <\/div>\n\t<\/div>\n<\/div>  <div class=\"instrument-one__single\">\n\t<div class=\"instrument-one__content\">\n\t\t<h3 class=\"instrument-one__title\"><a href=\"https:\/\/rqrv.com\/en\/instrument\/la-figure-complexe-de-rey-osterrieth\/\">La figure complexe de Rey-Osterrieth<\/a><\/h3>\n      <div class=\"instrument-one__link\">\n         <a href=\"https:\/\/rqrv.com\/en\/instrument\/la-figure-complexe-de-rey-osterrieth\/\">\n            <i class=\"rqrv-icon-link\"><\/i>\n         <\/a>\n      <\/div>\n\t<\/div>\n<\/div>  <div class=\"instrument-one__single\">\n\t<div class=\"instrument-one__content\">\n\t\t<h3 class=\"instrument-one__title\"><a href=\"https:\/\/rqrv.com\/en\/instrument\/la-figure-complexe-de-taylor\/\">La figure complexe de Taylor<\/a><\/h3>\n      <div class=\"instrument-one__link\">\n         <a href=\"https:\/\/rqrv.com\/en\/instrument\/la-figure-complexe-de-taylor\/\">\n            <i class=\"rqrv-icon-link\"><\/i>\n         <\/a>\n      <\/div>\n\t<\/div>\n<\/div>  <div class=\"instrument-one__single\">\n\t<div class=\"instrument-one__content\">\n\t\t<h3 class=\"instrument-one__title\"><a href=\"https:\/\/rqrv.com\/en\/instrument\/test-de-lhorloge\/\">Test de l&#8217;horloge<\/a><\/h3>\n      <div class=\"instrument-one__link\">\n         <a href=\"https:\/\/rqrv.com\/en\/instrument\/test-de-lhorloge\/\">\n            <i class=\"rqrv-icon-link\"><\/i>\n         <\/a>\n      <\/div>\n\t<\/div>\n<\/div>  <div class=\"instrument-one__single\">\n\t<div class=\"instrument-one__content\">\n\t\t<h3 class=\"instrument-one__title\"><a href=\"https:\/\/rqrv.com\/en\/instrument\/examen-mental-de-folstein-mmse-2\/\">Test de Brown-Peterson<\/a><\/h3>\n      <div class=\"instrument-one__link\">\n         <a href=\"https:\/\/rqrv.com\/en\/instrument\/examen-mental-de-folstein-mmse-2\/\">\n            <i class=\"rqrv-icon-link\"><\/i>\n         <\/a>\n      <\/div>\n\t<\/div>\n<\/div>  <div class=\"instrument-one__single\">\n\t<div class=\"instrument-one__content\">\n\t\t<h3 class=\"instrument-one__title\"><a href=\"https:\/\/rqrv.com\/en\/instrument\/examen-mental-de-folstein-mmse\/\">Examen mental de Folstein (MMSE)<\/a><\/h3>\n      <div class=\"instrument-one__link\">\n         <a href=\"https:\/\/rqrv.com\/en\/instrument\/examen-mental-de-folstein-mmse\/\">\n            <i class=\"rqrv-icon-link\"><\/i>\n         <\/a>\n      <\/div>\n\t<\/div>\n<\/div>  <div class=\"instrument-one__single\">\n\t<div class=\"instrument-one__content\">\n\t\t<h3 class=\"instrument-one__title\"><a href=\"https:\/\/rqrv.com\/en\/instrument\/montreal-cognitive-assessment-moca\/\">Montreal Cognitive Assessment (MoCA)<\/a><\/h3>\n      <div class=\"instrument-one__link\">\n         <a href=\"https:\/\/rqrv.com\/en\/instrument\/montreal-cognitive-assessment-moca\/\">\n            <i class=\"rqrv-icon-link\"><\/i>\n         <\/a>\n      <\/div>\n\t<\/div>\n<\/div>  <div class=\"instrument-one__single\">\n\t<div class=\"instrument-one__content\">\n\t\t<h3 class=\"instrument-one__title\"><a href=\"https:\/\/rqrv.com\/en\/instrument\/sous-test-de-lhistoire-de-la-bem-144\/\">Pyramids and Palm Trees Test (PPTT)<\/a><\/h3>\n      <div class=\"instrument-one__link\">\n         <a href=\"https:\/\/rqrv.com\/en\/instrument\/sous-test-de-lhistoire-de-la-bem-144\/\">\n            <i class=\"rqrv-icon-link\"><\/i>\n         <\/a>\n      <\/div>\n\t<\/div>\n<\/div>  <div class=\"instrument-one__single\">\n\t<div class=\"instrument-one__content\">\n\t\t<h3 class=\"instrument-one__title\"><a href=\"https:\/\/rqrv.com\/en\/instrument\/stroop-victoria\/\">Stroop-Victoria<\/a><\/h3>\n      <div class=\"instrument-one__link\">\n         <a href=\"https:\/\/rqrv.com\/en\/instrument\/stroop-victoria\/\">\n            <i class=\"rqrv-icon-link\"><\/i>\n         <\/a>\n      <\/div>\n\t<\/div>\n<\/div>  <div class=\"instrument-one__single\">\n\t<div class=\"instrument-one__content\">\n\t\t<h3 class=\"instrument-one__title\"><a href=\"https:\/\/rqrv.com\/en\/instrument\/test-de-denomination-de-quebec-30-items-tdq-30\/\">Test de d\u00e9nomination de Qu\u00e9bec 30 items (TDQ-30)<\/a><\/h3>\n      <div class=\"instrument-one__link\">\n         <a href=\"https:\/\/rqrv.com\/en\/instrument\/test-de-denomination-de-quebec-30-items-tdq-30\/\">\n            <i class=\"rqrv-icon-link\"><\/i>\n         <\/a>\n      <\/div>\n\t<\/div>\n<\/div>  <div class=\"instrument-one__single\">\n\t<div class=\"instrument-one__content\">\n\t\t<h3 class=\"instrument-one__title\"><a href=\"https:\/\/rqrv.com\/en\/instrument\/echelle-danxiete-de-cattell\/\">Trail-Making Test A\/B<\/a><\/h3>\n      <div class=\"instrument-one__link\">\n         <a href=\"https:\/\/rqrv.com\/en\/instrument\/echelle-danxiete-de-cattell\/\">\n            <i class=\"rqrv-icon-link\"><\/i>\n         <\/a>\n      <\/div>\n\t<\/div>\n<\/div>  <div class=\"instrument-one__single\">\n\t<div class=\"instrument-one__content\">\n\t\t<h3 class=\"instrument-one__title\"><a href=\"https:\/\/rqrv.com\/en\/instrument\/echelle-dappreciation-de-lanxiete\/\">Test des chim\u00e8res de la Birmingham Object Recognition Battery (BORB)<\/a><\/h3>\n      <div class=\"instrument-one__link\">\n         <a href=\"https:\/\/rqrv.com\/en\/instrument\/echelle-dappreciation-de-lanxiete\/\">\n            <i class=\"rqrv-icon-link\"><\/i>\n         <\/a>\n      <\/div>\n\t<\/div>\n<\/div>  <div class=\"instrument-one__single\">\n\t<div class=\"instrument-one__content\">\n\t\t<h3 class=\"instrument-one__title\"><a href=\"https:\/\/rqrv.com\/en\/instrument\/inventaire-danxiete-de-beck\/\">\u00c9preuve de rappel libre \/ rappel indic\u00e9 \u00e0 16 items<\/a><\/h3>\n      <div class=\"instrument-one__link\">\n         <a href=\"https:\/\/rqrv.com\/en\/instrument\/inventaire-danxiete-de-beck\/\">\n            <i class=\"rqrv-icon-link\"><\/i>\n         <\/a>\n      <\/div>\n\t<\/div>\n<\/div>  <div class=\"instrument-one__single\">\n\t<div class=\"instrument-one__content\">\n\t\t<h3 class=\"instrument-one__title\"><a href=\"https:\/\/rqrv.com\/en\/instrument\/inventaire-danxiete-situationnelle-et-de-trait-danxiete-forme-y-iasta-y-spielberger-1983\/\">Test de fluence verbale<\/a><\/h3>\n      <div class=\"instrument-one__link\">\n         <a href=\"https:\/\/rqrv.com\/en\/instrument\/inventaire-danxiete-situationnelle-et-de-trait-danxiete-forme-y-iasta-y-spielberger-1983\/\">\n            <i class=\"rqrv-icon-link\"><\/i>\n         <\/a>\n      <\/div>\n\t<\/div>\n<\/div>  <div class=\"instrument-one__single\">\n\t<div class=\"instrument-one__content\">\n\t\t<h3 class=\"instrument-one__title\"><a href=\"https:\/\/rqrv.com\/en\/instrument\/pourquoi-sinquieter-intolerance-a-lincertitude\/\">Test des 15 mots de Rey<\/a><\/h3>\n      <div class=\"instrument-one__link\">\n         <a href=\"https:\/\/rqrv.com\/en\/instrument\/pourquoi-sinquieter-intolerance-a-lincertitude\/\">\n            <i class=\"rqrv-icon-link\"><\/i>\n         <\/a>\n      <\/div>\n\t<\/div>\n<\/div>  <div class=\"instrument-one__single\">\n\t<div class=\"instrument-one__content\">\n\t\t<h3 class=\"instrument-one__title\"><a href=\"https:\/\/rqrv.com\/en\/instrument\/questionnaire-sur-les-inquietudes-du-penn-state\/\">Guide de correction de l&#8217;Histoire de Robert (BEM-144)<\/a><\/h3>\n      <div class=\"instrument-one__link\">\n         <a href=\"https:\/\/rqrv.com\/en\/instrument\/questionnaire-sur-les-inquietudes-du-penn-state\/\">\n            <i class=\"rqrv-icon-link\"><\/i>\n         <\/a>\n      <\/div>\n\t<\/div>\n<\/div>  \t\t\t\t<\/div>\r\n\t\t\t<\/div>\r\n\t\t<\/div>\t\r\n\r\n\t<\/div>\r\n\r\n\r\n\r\n<\/div>\r\n\r\n<\/div>\t\t<\/div>\n\t\t\t\t<\/div>\n\t\t\t\t\t<\/div>\n\t\t<\/div>\n\t\t\t\t\t<\/div>\n\t\t<\/section>\n\t\t\t\t<section data-particle_enable=\"false\" data-particle-mobile-disabled=\"false\" class=\"elementor-section elementor-top-section elementor-element elementor-element-751b7f7a elementor-section-boxed elementor-section-height-default elementor-section-height-default\" data-id=\"751b7f7a\" data-element_type=\"section\" data-settings=\"{&quot;background_background&quot;:&quot;classic&quot;}\">\n\t\t\t\t\t\t<div class=\"elementor-container elementor-column-gap-default\">\n\t\t\t\t\t<div class=\"elementor-column elementor-col-100 elementor-top-column elementor-element elementor-element-13559ea2\" data-id=\"13559ea2\" data-element_type=\"column\">\n\t\t\t<div class=\"elementor-widget-wrap elementor-element-populated\">\n\t\t\t\t\t\t<div class=\"elementor-element elementor-element-152fc29e elementor-widget elementor-widget-heading\" data-id=\"152fc29e\" data-element_type=\"widget\" data-widget_type=\"heading.default\">\n\t\t\t\t<div class=\"elementor-widget-container\">\n\t\t\t<style>\/*! elementor - v3.22.0 - 26-06-2024 *\/\n.elementor-heading-title{padding:0;margin:0;line-height:1}.elementor-widget-heading .elementor-heading-title[class*=elementor-size-]>a{color:inherit;font-size:inherit;line-height:inherit}.elementor-widget-heading .elementor-heading-title.elementor-size-small{font-size:15px}.elementor-widget-heading .elementor-heading-title.elementor-size-medium{font-size:19px}.elementor-widget-heading .elementor-heading-title.elementor-size-large{font-size:29px}.elementor-widget-heading .elementor-heading-title.elementor-size-xl{font-size:39px}.elementor-widget-heading .elementor-heading-title.elementor-size-xxl{font-size:59px}<\/style><h2 class=\"elementor-heading-title elementor-size-default\">Inscrivez-vous \u00e0 notre infolettre<\/h2>\t\t<\/div>\n\t\t\t\t<\/div>\n\t\t\t\t<div class=\"elementor-element elementor-element-11c7df70 elementor-widget elementor-widget-shortcode\" data-id=\"11c7df70\" data-element_type=\"widget\" data-widget_type=\"shortcode.default\">\n\t\t\t\t<div class=\"elementor-widget-container\">\n\t\t\t\t\t<div class=\"elementor-shortcode\"><script>(function() {\n\twindow.mc4wp = window.mc4wp || {\n\t\tlisteners: [],\n\t\tforms: {\n\t\t\ton: function(evt, cb) {\n\t\t\t\twindow.mc4wp.listeners.push(\n\t\t\t\t\t{\n\t\t\t\t\t\tevent   : evt,\n\t\t\t\t\t\tcallback: cb\n\t\t\t\t\t}\n\t\t\t\t);\n\t\t\t}\n\t\t}\n\t}\n})();\n<\/script><!-- Mailchimp for WordPress v4.9.7 - https:\/\/wordpress.org\/plugins\/mailchimp-for-wp\/ --><form id=\"mc4wp-form-1\" class=\"mc4wp-form mc4wp-form-43\" method=\"post\" data-id=\"43\" data-name=\"Newsletter\" ><div class=\"mc4wp-form-fields\"><div class=\"newsletter__form\">\r\n <div class=\"newsletter__content\">\r\n    <input type=\"email\" name=\"EMAIL\" placeholder=\"Entrez votre courriel\" required \/>\r\n    <span class=\"newsletter__action\">\r\n        <i aria-hidden=\"true\" class=\" rqrv-icon-arrow-right\"><\/i>\r\n    \t<input class=\"newsletter__submit\" type=\"submit\" value=\"Subscribe\" \/>\r\n   <\/span>\r\n <\/div>\r\n<\/div><\/div><label style=\"display: none !important;\">Leave this field empty if you're human: <input type=\"text\" name=\"_mc4wp_honeypot\" value=\"\" tabindex=\"-1\" autocomplete=\"off\" \/><\/label><input type=\"hidden\" name=\"_mc4wp_timestamp\" value=\"1776791033\" \/><input type=\"hidden\" name=\"_mc4wp_form_id\" value=\"43\" \/><input type=\"hidden\" name=\"_mc4wp_form_element_id\" value=\"mc4wp-form-1\" \/><div class=\"mc4wp-response\"><\/div><\/form><!-- \/ Mailchimp for WordPress Plugin --><\/div>\n\t\t\t\t<\/div>\n\t\t\t\t<\/div>\n\t\t\t\t\t<\/div>\n\t\t<\/div>\n\t\t\t\t\t<\/div>\n\t\t<\/section>\n\t\t\t\t<\/div>\n\t\t","protected":false},"excerpt":{"rendered":"<p>Tests and questionnaires to assess the biopsychosocial health of older adults Accueil Page Discover a series of validated and standardized tests and questionnaires designed to assess the biopsychosocial health of [&hellip;]<\/p>\n","protected":false},"author":845,"featured_media":0,"parent":2715,"menu_order":0,"comment_status":"closed","ping_status":"closed","template":"","meta":{"_acf_changed":false,"content-type":"","footnotes":""},"class_list":["post-5897","page","type-page","status-publish","hentry"],"acf":[],"_links":{"self":[{"href":"https:\/\/rqrv.com\/en\/wp-json\/wp\/v2\/pages\/5897","targetHints":{"allow":["GET"]}}],"collection":[{"href":"https:\/\/rqrv.com\/en\/wp-json\/wp\/v2\/pages"}],"about":[{"href":"https:\/\/rqrv.com\/en\/wp-json\/wp\/v2\/types\/page"}],"author":[{"embeddable":true,"href":"https:\/\/rqrv.com\/en\/wp-json\/wp\/v2\/users\/845"}],"replies":[{"embeddable":true,"href":"https:\/\/rqrv.com\/en\/wp-json\/wp\/v2\/comments?post=5897"}],"version-history":[{"count":6,"href":"https:\/\/rqrv.com\/en\/wp-json\/wp\/v2\/pages\/5897\/revisions"}],"predecessor-version":[{"id":6038,"href":"https:\/\/rqrv.com\/en\/wp-json\/wp\/v2\/pages\/5897\/revisions\/6038"}],"up":[{"embeddable":true,"href":"https:\/\/rqrv.com\/en\/wp-json\/wp\/v2\/pages\/2715"}],"wp:attachment":[{"href":"https:\/\/rqrv.com\/en\/wp-json\/wp\/v2\/media?parent=5897"}],"curies":[{"name":"wp","href":"https:\/\/api.w.org\/{rel}","templated":true}]}}